{"id":134,"date":"2018-09-17T22:18:29","date_gmt":"2018-09-17T20:18:29","guid":{"rendered":"http:\/\/beta.osc-luenen.net\/?page_id=134"},"modified":"2019-01-30T20:03:15","modified_gmt":"2019-01-30T19:03:15","slug":"presse","status":"publish","type":"page","link":"https:\/\/osc-luenen.net\/?page_id=134","title":{"rendered":"Presse"},"content":{"rendered":"<h2>Statement des OSC- L\u00fcnen am und zum Car- Freitag..&nbsp;<\/h2>\r\n<audio class=\"wp-audio-shortcode\" id=\"audio-134-1\" preload=\"none\" style=\"width: 100%;\" controls=\"controls\"><source type=\"audio\/mpeg\" src=\"http:\/\/osc-luenen.net\/wp-content\/uploads\/2019\/01\/Antenne-Unna-2.m4a?_=1\" \/><a href=\"http:\/\/osc-luenen.net\/wp-content\/uploads\/2019\/01\/Antenne-Unna-2.m4a\">http:\/\/osc-luenen.net\/wp-content\/uploads\/2019\/01\/Antenne-Unna-2.m4a<\/a><\/audio>\r\n<h2>Der Streit Stra\u00dfen NRW gegen OSC- L\u00fcnen bei Radio Antenne Unna.<\/h2>\r\n<p><!-- \/wp:post-content --><\/p>\r\n<p><!-- wp:audio {\"id\":1237} --><\/p>\r\n<figure class=\"wp-block-audio\"><audio src=\"https:\/\/osc-luenen.net\/wp-content\/uploads\/2019\/01\/Antenne_Unna_23-02-2012_1.mp3\" controls=\"controls\"><\/audio><\/figure>\r\n<p><!-- \/wp:audio --><\/p>\r\n<p><!-- wp:audio {\"id\":1238} --><\/p>\r\n<figure class=\"wp-block-audio\"><audio src=\"https:\/\/osc-luenen.net\/wp-content\/uploads\/2019\/01\/Antenne_Unna_23-02-2012_2.mp3\" controls=\"controls\"><\/audio><\/figure>\r\n<p><!-- \/wp:audio --><\/p>\r\n<p><!-- wp:heading --><\/p>\r\n<h2>Diverse Zeitungs Artikel<\/h2>\r\n<p><!-- \/wp:heading --><\/p>\r\n<p><!-- wp:imagely\/nextgen-gallery --><\/p>\r\n\r\nngg_shortcode_0_placeholder\r\n\r\n<p><br>\r\n<!-- \/wp:imagely\/nextgen-gallery --><\/p><h3>Related Images:<\/h3>","protected":false},"excerpt":{"rendered":"<p>Statement des OSC- L\u00fcnen am und zum Car- Freitag..&nbsp; Der Streit Stra\u00dfen NRW gegen OSC- L\u00fcnen bei Radio Antenne Unna. Diverse Zeitungs Artikel Related Images:<\/p>\n","protected":false},"author":1,"featured_media":0,"parent":0,"menu_order":0,"comment_status":"closed","ping_status":"closed","template":"","meta":{"ngg_post_thumbnail":0,"footnotes":""},"class_list":["post-134","page","type-page","status-publish","hentry"],"yoast_head":"<!-- This site is optimized with the Yoast SEO plugin v20.12 - https:\/\/yoast.com\/wordpress\/plugins\/seo\/ -->\n<title>Presse - OSC- luenen<\/title>\n<meta name=\"robots\" content=\"index, follow, max-snippet:-1, max-image-preview:large, max-video-preview:-1\" \/>\n<link rel=\"canonical\" href=\"https:\/\/osc-luenen.net\/?page_id=134\" \/>\n<meta property=\"og:locale\" content=\"de_DE\" \/>\n<meta property=\"og:type\" content=\"article\" \/>\n<meta property=\"og:title\" content=\"Presse - OSC- luenen\" \/>\n<meta property=\"og:description\" content=\"Statement des OSC- L\u00fcnen am und zum Car- Freitag..&nbsp; Der Streit Stra\u00dfen NRW gegen OSC- L\u00fcnen bei Radio Antenne Unna. Diverse Zeitungs Artikel Related Images:\" \/>\n<meta property=\"og:url\" content=\"https:\/\/osc-luenen.net\/?page_id=134\" \/>\n<meta property=\"og:site_name\" content=\"OSC- luenen\" \/>\n<meta property=\"article:modified_time\" content=\"2019-01-30T19:03:15+00:00\" \/>\n<meta name=\"twitter:card\" content=\"summary_large_image\" \/>\n<script type=\"application\/ld+json\" class=\"yoast-schema-graph\">{\"@context\":\"https:\/\/schema.org\",\"@graph\":[{\"@type\":\"WebPage\",\"@id\":\"https:\/\/osc-luenen.net\/?page_id=134\",\"url\":\"https:\/\/osc-luenen.net\/?page_id=134\",\"name\":\"Presse - OSC- luenen\",\"isPartOf\":{\"@id\":\"https:\/\/osc-luenen.net\/#website\"},\"datePublished\":\"2018-09-17T20:18:29+00:00\",\"dateModified\":\"2019-01-30T19:03:15+00:00\",\"breadcrumb\":{\"@id\":\"https:\/\/osc-luenen.net\/?page_id=134#breadcrumb\"},\"inLanguage\":\"de\",\"potentialAction\":[{\"@type\":\"ReadAction\",\"target\":[\"https:\/\/osc-luenen.net\/?page_id=134\"]}]},{\"@type\":\"BreadcrumbList\",\"@id\":\"https:\/\/osc-luenen.net\/?page_id=134#breadcrumb\",\"itemListElement\":[{\"@type\":\"ListItem\",\"position\":1,\"name\":\"Startseite\",\"item\":\"https:\/\/osc-luenen.net\/\"},{\"@type\":\"ListItem\",\"position\":2,\"name\":\"Presse\"}]},{\"@type\":\"WebSite\",\"@id\":\"https:\/\/osc-luenen.net\/#website\",\"url\":\"https:\/\/osc-luenen.net\/\",\"name\":\"OSC- luenen\",\"description\":\"Opel- Sport- Club L\u00fcnen e. V.\",\"publisher\":{\"@id\":\"https:\/\/osc-luenen.net\/#organization\"},\"potentialAction\":[{\"@type\":\"SearchAction\",\"target\":{\"@type\":\"EntryPoint\",\"urlTemplate\":\"https:\/\/osc-luenen.net\/?s={search_term_string}\"},\"query-input\":\"required name=search_term_string\"}],\"inLanguage\":\"de\"},{\"@type\":\"Organization\",\"@id\":\"https:\/\/osc-luenen.net\/#organization\",\"name\":\"OSC- luenen\",\"url\":\"https:\/\/osc-luenen.net\/\",\"logo\":{\"@type\":\"ImageObject\",\"inLanguage\":\"de\",\"@id\":\"https:\/\/osc-luenen.net\/#\/schema\/logo\/image\/\",\"url\":\"https:\/\/osc-luenen.net\/wp-content\/uploads\/2019\/01\/cropped-kolben.png\",\"contentUrl\":\"https:\/\/osc-luenen.net\/wp-content\/uploads\/2019\/01\/cropped-kolben.png\",\"width\":148,\"height\":250,\"caption\":\"OSC- luenen\"},\"image\":{\"@id\":\"https:\/\/osc-luenen.net\/#\/schema\/logo\/image\/\"}}]}<\/script>\n<!-- \/ Yoast SEO plugin. -->","yoast_head_json":{"title":"Presse - OSC- luenen","robots":{"index":"index","follow":"follow","max-snippet":"max-snippet:-1","max-image-preview":"max-image-preview:large","max-video-preview":"max-video-preview:-1"},"canonical":"https:\/\/osc-luenen.net\/?page_id=134","og_locale":"de_DE","og_type":"article","og_title":"Presse - OSC- luenen","og_description":"Statement des OSC- L\u00fcnen am und zum Car- Freitag..&nbsp; Der Streit Stra\u00dfen NRW gegen OSC- L\u00fcnen bei Radio Antenne Unna. Diverse Zeitungs Artikel Related Images:","og_url":"https:\/\/osc-luenen.net\/?page_id=134","og_site_name":"OSC- luenen","article_modified_time":"2019-01-30T19:03:15+00:00","twitter_card":"summary_large_image","schema":{"@context":"https:\/\/schema.org","@graph":[{"@type":"WebPage","@id":"https:\/\/osc-luenen.net\/?page_id=134","url":"https:\/\/osc-luenen.net\/?page_id=134","name":"Presse - OSC- luenen","isPartOf":{"@id":"https:\/\/osc-luenen.net\/#website"},"datePublished":"2018-09-17T20:18:29+00:00","dateModified":"2019-01-30T19:03:15+00:00","breadcrumb":{"@id":"https:\/\/osc-luenen.net\/?page_id=134#breadcrumb"},"inLanguage":"de","potentialAction":[{"@type":"ReadAction","target":["https:\/\/osc-luenen.net\/?page_id=134"]}]},{"@type":"BreadcrumbList","@id":"https:\/\/osc-luenen.net\/?page_id=134#breadcrumb","itemListElement":[{"@type":"ListItem","position":1,"name":"Startseite","item":"https:\/\/osc-luenen.net\/"},{"@type":"ListItem","position":2,"name":"Presse"}]},{"@type":"WebSite","@id":"https:\/\/osc-luenen.net\/#website","url":"https:\/\/osc-luenen.net\/","name":"OSC- luenen","description":"Opel- Sport- Club L\u00fcnen e. V.","publisher":{"@id":"https:\/\/osc-luenen.net\/#organization"},"potentialAction":[{"@type":"SearchAction","target":{"@type":"EntryPoint","urlTemplate":"https:\/\/osc-luenen.net\/?s={search_term_string}"},"query-input":"required name=search_term_string"}],"inLanguage":"de"},{"@type":"Organization","@id":"https:\/\/osc-luenen.net\/#organization","name":"OSC- luenen","url":"https:\/\/osc-luenen.net\/","logo":{"@type":"ImageObject","inLanguage":"de","@id":"https:\/\/osc-luenen.net\/#\/schema\/logo\/image\/","url":"https:\/\/osc-luenen.net\/wp-content\/uploads\/2019\/01\/cropped-kolben.png","contentUrl":"https:\/\/osc-luenen.net\/wp-content\/uploads\/2019\/01\/cropped-kolben.png","width":148,"height":250,"caption":"OSC- luenen"},"image":{"@id":"https:\/\/osc-luenen.net\/#\/schema\/logo\/image\/"}}]}},"_links":{"self":[{"href":"https:\/\/osc-luenen.net\/index.php?rest_route=\/wp\/v2\/pages\/134","targetHints":{"allow":["GET"]}}],"collection":[{"href":"https:\/\/osc-luenen.net\/index.php?rest_route=\/wp\/v2\/pages"}],"about":[{"href":"https:\/\/osc-luenen.net\/index.php?rest_route=\/wp\/v2\/types\/page"}],"author":[{"embeddable":true,"href":"https:\/\/osc-luenen.net\/index.php?rest_route=\/wp\/v2\/users\/1"}],"replies":[{"embeddable":true,"href":"https:\/\/osc-luenen.net\/index.php?rest_route=%2Fwp%2Fv2%2Fcomments&post=134"}],"version-history":[{"count":5,"href":"https:\/\/osc-luenen.net\/index.php?rest_route=\/wp\/v2\/pages\/134\/revisions"}],"predecessor-version":[{"id":1293,"href":"https:\/\/osc-luenen.net\/index.php?rest_route=\/wp\/v2\/pages\/134\/revisions\/1293"}],"wp:attachment":[{"href":"https:\/\/osc-luenen.net\/index.php?rest_route=%2Fwp%2Fv2%2Fmedia&parent=134"}],"curies":[{"name":"wp","href":"https:\/\/api.w.org\/{rel}","templated":true}]}}